{"id":7221,"date":"2025-01-07T15:38:48","date_gmt":"2025-01-07T20:38:48","guid":{"rendered":"https:\/\/aieq.qc.ca\/?post_type=product&#038;p=7221"},"modified":"2025-01-07T15:38:48","modified_gmt":"2025-01-07T20:38:48","slug":"membre-etudiant-quebec-2-ans","status":"publish","type":"product","link":"https:\/\/aieq.qc.ca\/en\/produit\/membre-etudiant-quebec-2-ans\/","title":{"rendered":"Membre \u00e9tudiant Qu\u00e9bec (2 ans)"},"content":{"rendered":"<p><b>Membre \u00e9tudiant Qu\u00e9bec (2 ans)<\/b>\u00a080,00 CAD &#8211; Abonnement<i>\u00a0de deux ans pour les \u00e9tudiants demeurant au Qu\u00e9bec.<\/i><\/p>\n","protected":false},"excerpt":{"rendered":"<p>Membre \u00e9tudiant Qu\u00e9bec (2 ans)\u00a080,00 CAD &#8211; Abonnement\u00a0de deux ans pour les \u00e9tudiants demeurant au Qu\u00e9bec.<\/p>\n","protected":false},"featured_media":0,"comment_status":"closed","ping_status":"closed","template":"","meta":[],"product_brand":[],"product_cat":[177],"product_tag":[],"class_list":{"0":"post-7221","1":"product","2":"type-product","3":"status-publish","5":"product_cat-uncategorized-fr","6":"no-post-thumbnail","8":"first","9":"instock","10":"shipping-taxable","11":"purchasable","12":"product-type-subscription"},"_links":{"self":[{"href":"https:\/\/aieq.qc.ca\/en\/wp-json\/wp\/v2\/product\/7221","targetHints":{"allow":["GET"]}}],"collection":[{"href":"https:\/\/aieq.qc.ca\/en\/wp-json\/wp\/v2\/product"}],"about":[{"href":"https:\/\/aieq.qc.ca\/en\/wp-json\/wp\/v2\/types\/product"}],"replies":[{"embeddable":true,"href":"https:\/\/aieq.qc.ca\/en\/wp-json\/wp\/v2\/comments?post=7221"}],"wp:attachment":[{"href":"https:\/\/aieq.qc.ca\/en\/wp-json\/wp\/v2\/media?parent=7221"}],"wp:term":[{"taxonomy":"product_brand","embeddable":true,"href":"https:\/\/aieq.qc.ca\/en\/wp-json\/wp\/v2\/product_brand?post=7221"},{"taxonomy":"product_cat","embeddable":true,"href":"https:\/\/aieq.qc.ca\/en\/wp-json\/wp\/v2\/product_cat?post=7221"},{"taxonomy":"product_tag","embeddable":true,"href":"https:\/\/aieq.qc.ca\/en\/wp-json\/wp\/v2\/product_tag?post=7221"}],"curies":[{"name":"wp","href":"https:\/\/api.w.org\/{rel}","templated":true}]}}