{"id":7215,"date":"2025-01-07T15:32:59","date_gmt":"2025-01-07T20:32:59","guid":{"rendered":"https:\/\/aieq.qc.ca\/?post_type=product&#038;p=7215"},"modified":"2025-01-07T15:32:59","modified_gmt":"2025-01-07T20:32:59","slug":"membre-regulier-quebec-1-an","status":"publish","type":"product","link":"https:\/\/aieq.qc.ca\/en\/produit\/membre-regulier-quebec-1-an\/","title":{"rendered":"Membre r\u00e9gulier Qu\u00e9bec (1 an)"},"content":{"rendered":"<p><b>Membre r\u00e9gulier Qu\u00e9bec (1 an)<\/b>\u00a0100,00 CAD annuellement\u00a0<i>Abonnement d&#8217;un an pour les personnes demeurant au Qu\u00e9bec.<\/i><\/p>\n","protected":false},"excerpt":{"rendered":"<p>Membre r\u00e9gulier Qu\u00e9bec (1 an)\u00a0100,00 CAD annuellement\u00a0Abonnement d&#8217;un an pour les personnes demeurant au Qu\u00e9bec.<\/p>\n","protected":false},"featured_media":0,"comment_status":"closed","ping_status":"closed","template":"","meta":[],"product_brand":[],"product_cat":[177],"product_tag":[],"class_list":{"0":"post-7215","1":"product","2":"type-product","3":"status-publish","5":"product_cat-uncategorized-fr","6":"no-post-thumbnail","8":"first","9":"instock","10":"shipping-taxable","11":"purchasable","12":"product-type-subscription"},"_links":{"self":[{"href":"https:\/\/aieq.qc.ca\/en\/wp-json\/wp\/v2\/product\/7215","targetHints":{"allow":["GET"]}}],"collection":[{"href":"https:\/\/aieq.qc.ca\/en\/wp-json\/wp\/v2\/product"}],"about":[{"href":"https:\/\/aieq.qc.ca\/en\/wp-json\/wp\/v2\/types\/product"}],"replies":[{"embeddable":true,"href":"https:\/\/aieq.qc.ca\/en\/wp-json\/wp\/v2\/comments?post=7215"}],"wp:attachment":[{"href":"https:\/\/aieq.qc.ca\/en\/wp-json\/wp\/v2\/media?parent=7215"}],"wp:term":[{"taxonomy":"product_brand","embeddable":true,"href":"https:\/\/aieq.qc.ca\/en\/wp-json\/wp\/v2\/product_brand?post=7215"},{"taxonomy":"product_cat","embeddable":true,"href":"https:\/\/aieq.qc.ca\/en\/wp-json\/wp\/v2\/product_cat?post=7215"},{"taxonomy":"product_tag","embeddable":true,"href":"https:\/\/aieq.qc.ca\/en\/wp-json\/wp\/v2\/product_tag?post=7215"}],"curies":[{"name":"wp","href":"https:\/\/api.w.org\/{rel}","templated":true}]}}