{"id":6049,"date":"2020-12-16T16:19:58","date_gmt":"2020-12-16T21:19:58","guid":{"rendered":"https:\/\/aieq.qc.ca\/wp\/wp\/wp\/wp\/wp\/grants-for-distance-education-in-quebec-studies\/"},"modified":"2020-12-16T16:25:13","modified_gmt":"2020-12-16T21:25:13","slug":"grants-for-distance-education-in-quebec-studies","status":"publish","type":"page","link":"https:\/\/aieq.qc.ca\/en\/grants-for-distance-education-in-quebec-studies\/","title":{"rendered":"Grants for distance education in Quebec studies"},"content":{"rendered":"<div id=\"cs-content\" class=\"cs-content\"><\/div>\n","protected":false},"excerpt":{"rendered":"<p>DescriptionAfin de poursuivre sa mission d\u2019encourager le rayonnement des \u00e9tudes sur le Qu\u00e9bec partout dans le monde, malgr\u00e9 le contexte de pand\u00e9mie, l\u2019AIEQ cr\u00e9e une bourse sp\u00e9ciale de formation \u00e0 distance. Cette bourse couvre les frais d\u2019inscription d\u2019un \u00e9tudiant ou d\u2019une \u00e9tudiante de niveau baccalaur\u00e9at, ma\u00eetrise ou doctorat \u00e0 un cours ou un s\u00e9minaire portant sur un aspect de la &#8230; <a href=\"https:\/\/aieq.qc.ca\/en\/grants-for-distance-education-in-quebec-studies\/\" class=\"more-link\">Read More<\/a><\/p>\n","protected":false},"author":3,"featured_media":0,"parent":0,"menu_order":4,"comment_status":"closed","ping_status":"closed","template":"","meta":{"footnotes":""},"class_list":["post-6049","page","type-page","status-publish","hentry","no-post-thumbnail"],"_links":{"self":[{"href":"https:\/\/aieq.qc.ca\/en\/wp-json\/wp\/v2\/pages\/6049","targetHints":{"allow":["GET"]}}],"collection":[{"href":"https:\/\/aieq.qc.ca\/en\/wp-json\/wp\/v2\/pages"}],"about":[{"href":"https:\/\/aieq.qc.ca\/en\/wp-json\/wp\/v2\/types\/page"}],"author":[{"embeddable":true,"href":"https:\/\/aieq.qc.ca\/en\/wp-json\/wp\/v2\/users\/3"}],"replies":[{"embeddable":true,"href":"https:\/\/aieq.qc.ca\/en\/wp-json\/wp\/v2\/comments?post=6049"}],"version-history":[{"count":0,"href":"https:\/\/aieq.qc.ca\/en\/wp-json\/wp\/v2\/pages\/6049\/revisions"}],"wp:attachment":[{"href":"https:\/\/aieq.qc.ca\/en\/wp-json\/wp\/v2\/media?parent=6049"}],"curies":[{"name":"wp","href":"https:\/\/api.w.org\/{rel}","templated":true}]}}