{"id":5456,"date":"2016-04-26T18:17:21","date_gmt":"2016-04-26T18:17:21","guid":{"rendered":"https:\/\/aieq.qc.ca\/wp\/wp\/wp\/wp\/wp\/wp\/adherer\/"},"modified":"2020-09-15T07:45:27","modified_gmt":"2020-09-15T11:45:27","slug":"adherer","status":"publish","type":"page","link":"https:\/\/aieq.qc.ca\/en\/adherer\/","title":{"rendered":"Adh\u00e9rer"},"content":{"rendered":"<div id=\"cs-content\" class=\"cs-content\"><\/div>\n","protected":false},"excerpt":{"rendered":"<p>AN ASSOCIATION OF THE MEMBERSHIP SERVICE Bourses de d\u00e9placement pour participer \u00e0 des colloques internationaux. Soutien pour inviter un expert en \u00e9tudes qu\u00e9b\u00e9coises \u00e0 faire une s\u00e9rie de conf\u00e9rences dans votre universit\u00e9 hors Qu\u00e9bec et celles avoisinantes. Soutien pour organiser la tourn\u00e9e d\u2019un \u00e9crivain ou d\u2019un r\u00e9alisateur qu\u00e9b\u00e9cois dans votre universit\u00e9 hors Qu\u00e9bec et celles avoisinantes. Soutien pour distribuer vos &#8230; <a href=\"https:\/\/aieq.qc.ca\/en\/adherer\/\" class=\"more-link\">Read More<\/a><\/p>\n","protected":false},"author":254,"featured_media":0,"parent":0,"menu_order":42,"comment_status":"closed","ping_status":"closed","template":"template-blank-4.php","meta":{"footnotes":""},"class_list":["post-5456","page","type-page","status-publish","hentry","no-post-thumbnail"],"_links":{"self":[{"href":"https:\/\/aieq.qc.ca\/en\/wp-json\/wp\/v2\/pages\/5456","targetHints":{"allow":["GET"]}}],"collection":[{"href":"https:\/\/aieq.qc.ca\/en\/wp-json\/wp\/v2\/pages"}],"about":[{"href":"https:\/\/aieq.qc.ca\/en\/wp-json\/wp\/v2\/types\/page"}],"author":[{"embeddable":true,"href":"https:\/\/aieq.qc.ca\/en\/wp-json\/wp\/v2\/users\/254"}],"replies":[{"embeddable":true,"href":"https:\/\/aieq.qc.ca\/en\/wp-json\/wp\/v2\/comments?post=5456"}],"version-history":[{"count":0,"href":"https:\/\/aieq.qc.ca\/en\/wp-json\/wp\/v2\/pages\/5456\/revisions"}],"wp:attachment":[{"href":"https:\/\/aieq.qc.ca\/en\/wp-json\/wp\/v2\/media?parent=5456"}],"curies":[{"name":"wp","href":"https:\/\/api.w.org\/{rel}","templated":true}]}}