{"id":4760,"date":"2019-07-12T15:57:46","date_gmt":"2019-07-12T19:57:46","guid":{"rendered":"https:\/\/aieq.qc.ca\/wp\/wp\/wp\/wp\/wp\/wp\/mobility-grants-for-montreal-studies\/"},"modified":"2020-06-22T14:44:03","modified_gmt":"2020-06-22T18:44:03","slug":"mobility-grants-for-montreal-studies","status":"publish","type":"page","link":"https:\/\/aieq.qc.ca\/en\/mobility-grants-for-montreal-studies\/","title":{"rendered":"Register for a mobility grants for Montreal studies"},"content":{"rendered":"<div id=\"cs-content\" class=\"cs-content\"><\/div>\n","protected":false},"excerpt":{"rendered":"<p>DescriptionLes bourses CRIEM-AIEQ pour la recherche sur Montr\u00e9al ont pour objectif de stimuler la recherche sur Montr\u00e9al dans une perspective interdisciplinaire au niveau national et international. Les bourses pour la recherche sur Montr\u00e9al sont d\u00e9cern\u00e9es annuellement par le Centre de recherches interdisciplinaires en \u00e9tudes montr\u00e9alaises (CRIEM) et l\u2019Association internationale des \u00e9tudes qu\u00e9b\u00e9coises (AIEQ) aux propositions les plus stimulantes en regard &#8230; <a href=\"https:\/\/aieq.qc.ca\/en\/mobility-grants-for-montreal-studies\/\" class=\"more-link\">Read More<\/a><\/p>\n","protected":false},"author":254,"featured_media":0,"parent":0,"menu_order":23,"comment_status":"closed","ping_status":"closed","template":"","meta":{"footnotes":""},"class_list":["post-4760","page","type-page","status-publish","hentry","no-post-thumbnail"],"_links":{"self":[{"href":"https:\/\/aieq.qc.ca\/en\/wp-json\/wp\/v2\/pages\/4760","targetHints":{"allow":["GET"]}}],"collection":[{"href":"https:\/\/aieq.qc.ca\/en\/wp-json\/wp\/v2\/pages"}],"about":[{"href":"https:\/\/aieq.qc.ca\/en\/wp-json\/wp\/v2\/types\/page"}],"author":[{"embeddable":true,"href":"https:\/\/aieq.qc.ca\/en\/wp-json\/wp\/v2\/users\/254"}],"replies":[{"embeddable":true,"href":"https:\/\/aieq.qc.ca\/en\/wp-json\/wp\/v2\/comments?post=4760"}],"version-history":[{"count":0,"href":"https:\/\/aieq.qc.ca\/en\/wp-json\/wp\/v2\/pages\/4760\/revisions"}],"wp:attachment":[{"href":"https:\/\/aieq.qc.ca\/en\/wp-json\/wp\/v2\/media?parent=4760"}],"curies":[{"name":"wp","href":"https:\/\/api.w.org\/{rel}","templated":true}]}}