{"id":4333,"date":"2019-06-18T15:47:55","date_gmt":"2019-06-18T19:47:55","guid":{"rendered":"https:\/\/aieq.qc.ca\/wp\/wp\/wp\/wp\/wp\/wp\/organizing-an-experts-tour\/"},"modified":"2020-06-22T15:09:54","modified_gmt":"2020-06-22T19:09:54","slug":"organizing-an-experts-tour","status":"publish","type":"page","link":"https:\/\/aieq.qc.ca\/en\/organizing-an-experts-tour\/","title":{"rendered":"Organizing an expert tour"},"content":{"rendered":"<div id=\"cs-content\" class=\"cs-content\"><\/div>\n","protected":false},"excerpt":{"rendered":"<p>DescriptionCe programme permet aux membres de l&#8217;AIEQ d&#8217;obtenir un soutien financier pour faire conna\u00eetre et promouvoir la recherche sur le Qu\u00e9bec. LIEUAu Qu\u00e9bec et hors Qu\u00e9bec. Montant\u00a0accord\u00e9Le soutien accord\u00e9 par l\u2019AIEQ consiste g\u00e9n\u00e9ralement au remboursement du titre de transport de la personne invit\u00e9e \u00e0 prononcer une conf\u00e9rence. Le comit\u00e9 scientifique peut, \u00e0 sa discr\u00e9tion et selon le budget disponible, accepter &#8230; <a href=\"https:\/\/aieq.qc.ca\/en\/organizing-an-experts-tour\/\" class=\"more-link\">Read More<\/a><\/p>\n","protected":false},"author":254,"featured_media":0,"parent":0,"menu_order":35,"comment_status":"closed","ping_status":"closed","template":"","meta":{"footnotes":""},"class_list":["post-4333","page","type-page","status-publish","hentry","no-post-thumbnail"],"_links":{"self":[{"href":"https:\/\/aieq.qc.ca\/en\/wp-json\/wp\/v2\/pages\/4333","targetHints":{"allow":["GET"]}}],"collection":[{"href":"https:\/\/aieq.qc.ca\/en\/wp-json\/wp\/v2\/pages"}],"about":[{"href":"https:\/\/aieq.qc.ca\/en\/wp-json\/wp\/v2\/types\/page"}],"author":[{"embeddable":true,"href":"https:\/\/aieq.qc.ca\/en\/wp-json\/wp\/v2\/users\/254"}],"replies":[{"embeddable":true,"href":"https:\/\/aieq.qc.ca\/en\/wp-json\/wp\/v2\/comments?post=4333"}],"version-history":[{"count":0,"href":"https:\/\/aieq.qc.ca\/en\/wp-json\/wp\/v2\/pages\/4333\/revisions"}],"wp:attachment":[{"href":"https:\/\/aieq.qc.ca\/en\/wp-json\/wp\/v2\/media?parent=4333"}],"curies":[{"name":"wp","href":"https:\/\/api.w.org\/{rel}","templated":true}]}}