{"id":4329,"date":"2019-06-18T15:03:39","date_gmt":"2019-06-18T19:03:39","guid":{"rendered":"https:\/\/aieq.qc.ca\/wp\/wp\/wp\/wp\/wp\/wp\/organising-a-conference\/"},"modified":"2020-06-22T15:07:19","modified_gmt":"2020-06-22T19:07:19","slug":"organizing-a-conference","status":"publish","type":"page","link":"https:\/\/aieq.qc.ca\/en\/organizing-a-conference\/","title":{"rendered":"Organizing a conference"},"content":{"rendered":"<div id=\"cs-content\" class=\"cs-content\"><\/div>\n","protected":false},"excerpt":{"rendered":"<p>DescriptionCe programme permet aux membres de l\u2019AIEQ d\u2019obtenir un soutien financier pour inviter un ou des conf\u00e9renciers \u00e0 un colloque international portant sur le Qu\u00e9bec ou sur un th\u00e8me qui fait appel au savoir qu\u00e9b\u00e9cois, y compris dans un contexte interdisciplinaire, interculturel ou comparatiste. LieuPartout au monde. MONTANT ACCORD\u00c9Le soutien accord\u00e9 par l\u2019AIEQ consiste g\u00e9n\u00e9ralement au remboursement du titre de &#8230; <a href=\"https:\/\/aieq.qc.ca\/en\/organizing-a-conference\/\" class=\"more-link\">Read More<\/a><\/p>\n","protected":false},"author":254,"featured_media":0,"parent":0,"menu_order":33,"comment_status":"closed","ping_status":"closed","template":"","meta":{"footnotes":""},"class_list":["post-4329","page","type-page","status-publish","hentry","no-post-thumbnail"],"_links":{"self":[{"href":"https:\/\/aieq.qc.ca\/en\/wp-json\/wp\/v2\/pages\/4329","targetHints":{"allow":["GET"]}}],"collection":[{"href":"https:\/\/aieq.qc.ca\/en\/wp-json\/wp\/v2\/pages"}],"about":[{"href":"https:\/\/aieq.qc.ca\/en\/wp-json\/wp\/v2\/types\/page"}],"author":[{"embeddable":true,"href":"https:\/\/aieq.qc.ca\/en\/wp-json\/wp\/v2\/users\/254"}],"replies":[{"embeddable":true,"href":"https:\/\/aieq.qc.ca\/en\/wp-json\/wp\/v2\/comments?post=4329"}],"version-history":[{"count":0,"href":"https:\/\/aieq.qc.ca\/en\/wp-json\/wp\/v2\/pages\/4329\/revisions"}],"wp:attachment":[{"href":"https:\/\/aieq.qc.ca\/en\/wp-json\/wp\/v2\/media?parent=4329"}],"curies":[{"name":"wp","href":"https:\/\/api.w.org\/{rel}","templated":true}]}}