{"id":4312,"date":"2019-06-18T14:12:10","date_gmt":"2019-06-18T18:12:10","guid":{"rendered":"https:\/\/aieq.qc.ca\/wp\/wp\/wp\/wp\/wp\/wp\/distributing-a-translated-book\/"},"modified":"2020-06-22T15:10:15","modified_gmt":"2020-06-22T19:10:15","slug":"distributing-a-translated-book","status":"publish","type":"page","link":"https:\/\/aieq.qc.ca\/en\/distributing-a-translated-book\/","title":{"rendered":"Distributing a translated book"},"content":{"rendered":"<div id=\"cs-content\" class=\"cs-content\"><\/div>\n","protected":false},"excerpt":{"rendered":"<p>DESCRIPTIONCe programme permet aux membres de l\u2019AIEQ hors Qu\u00e9bec d\u2019obtenir un soutien financier pour distribuer dans le monde un livre qu\u00e9b\u00e9cois, traduit dans une autre langue. LIEUPartout hors du Qu\u00e9bec. MONTANT ACCORD\u00c9\u00c0 d\u00e9terminer. DATES BUTOIRS 1ermars pour des projets qui se d\u00e9roulent au cours de l\u2019\u00e9t\u00e9 1er septembre pour des projets qui se d\u00e9roulent \u00e0 l\u2019automne 1er d\u00e9cembre pour des &#8230; <a href=\"https:\/\/aieq.qc.ca\/en\/distributing-a-translated-book\/\" class=\"more-link\">Read More<\/a><\/p>\n","protected":false},"author":3,"featured_media":0,"parent":0,"menu_order":30,"comment_status":"closed","ping_status":"closed","template":"","meta":{"footnotes":""},"class_list":["post-4312","page","type-page","status-publish","hentry","no-post-thumbnail"],"_links":{"self":[{"href":"https:\/\/aieq.qc.ca\/en\/wp-json\/wp\/v2\/pages\/4312","targetHints":{"allow":["GET"]}}],"collection":[{"href":"https:\/\/aieq.qc.ca\/en\/wp-json\/wp\/v2\/pages"}],"about":[{"href":"https:\/\/aieq.qc.ca\/en\/wp-json\/wp\/v2\/types\/page"}],"author":[{"embeddable":true,"href":"https:\/\/aieq.qc.ca\/en\/wp-json\/wp\/v2\/users\/3"}],"replies":[{"embeddable":true,"href":"https:\/\/aieq.qc.ca\/en\/wp-json\/wp\/v2\/comments?post=4312"}],"version-history":[{"count":0,"href":"https:\/\/aieq.qc.ca\/en\/wp-json\/wp\/v2\/pages\/4312\/revisions"}],"wp:attachment":[{"href":"https:\/\/aieq.qc.ca\/en\/wp-json\/wp\/v2\/media?parent=4312"}],"curies":[{"name":"wp","href":"https:\/\/api.w.org\/{rel}","templated":true}]}}